{"id":119,"date":"2020-08-19T02:09:07","date_gmt":"2020-08-19T02:09:07","guid":{"rendered":"https:\/\/dpcdevelopers.com\/index.php\/about-us\/"},"modified":"2023-06-28T14:00:44","modified_gmt":"2023-06-28T14:00:44","slug":"about-us","status":"publish","type":"page","link":"https:\/\/dpcdevelopers.com\/index.php\/about-us\/","title":{"rendered":"About Us"},"content":{"rendered":"<style>\/*! elementor - v3.9.2 - 21-12-2022 *\/\n.elementor-heading-title{padding:0;margin:0;line-height:1}.elementor-widget-heading .elementor-heading-title[class*=elementor-size-]>a{color:inherit;font-size:inherit;line-height:inherit}.elementor-widget-heading .elementor-heading-title.elementor-size-small{font-size:15px}.elementor-widget-heading .elementor-heading-title.elementor-size-medium{font-size:19px}.elementor-widget-heading .elementor-heading-title.elementor-size-large{font-size:29px}.elementor-widget-heading .elementor-heading-title.elementor-size-xl{font-size:39px}.elementor-widget-heading .elementor-heading-title.elementor-size-xxl{font-size:59px}<\/style>\n<h1>Sobre Nosotros<\/h1>\n<style>\/*! elementor - v3.9.2 - 21-12-2022 *\/\n.elementor-widget-image{text-align:center}.elementor-widget-image a{display:inline-block}.elementor-widget-image a img[src$=\".svg\"]{width:48px}.elementor-widget-image img{vertical-align:middle;display:inline-block}<\/style>\n<p>\t\t\t\t\t\t\t\t\t\t\t\t<img decoding=\"async\" width=\"2560\" height=\"1920\" src=\"https:\/\/dpcdevelopers.com\/wp-content\/uploads\/2023\/06\/20221221_100030-1-scaled.jpg\" alt=\"\" loading=\"lazy\" srcset=\"https:\/\/dpcdevelopers.com\/wp-content\/uploads\/2023\/06\/20221221_100030-1-scaled.jpg 2560w, https:\/\/dpcdevelopers.com\/wp-content\/uploads\/2023\/06\/20221221_100030-1-300x225.jpg 300w, https:\/\/dpcdevelopers.com\/wp-content\/uploads\/2023\/06\/20221221_100030-1-1024x768.jpg 1024w, https:\/\/dpcdevelopers.com\/wp-content\/uploads\/2023\/06\/20221221_100030-1-768x576.jpg 768w, https:\/\/dpcdevelopers.com\/wp-content\/uploads\/2023\/06\/20221221_100030-1-1536x1152.jpg 1536w, https:\/\/dpcdevelopers.com\/wp-content\/uploads\/2023\/06\/20221221_100030-1-2048x1536.jpg 2048w\" sizes=\"auto, (max-width: 2560px) 100vw, 2560px\" \/>\t\t\t\t\t\t\t\t\t\t\t\t\t\t\t<\/p>\n<h2>Sobre Nosotros<\/h2>\n<p style=\"text-align: center;\">Desarrollamos proyectos de vivienda innovadores. Centr\u00e1ndonos en la calidad constructiva y en un dise\u00f1o de vanguardia creamos grandes oportunidades de inversi\u00f3n en el mercado inmobiliario.<\/p>\n<link rel=\"stylesheet\" href=\"https:\/\/dpcdevelopers.com\/wp-content\/plugins\/elementor\/assets\/css\/widget-icon-list.min.css\">\n<ul>\n<li>\n\t\t\t\t\t\t\t\t\t\tCertified Company\n\t\t\t\t\t\t\t\t\t<\/li>\n<li>\n\t\t\t\t\t\t\t\t\t\tSatisfied Guaranteed\n\t\t\t\t\t\t\t\t\t<\/li>\n<\/ul>\n<ul>\n<li>\n\t\t\t\t\t\t\t\t\t\tPrecise Builder\n\t\t\t\t\t\t\t\t\t<\/li>\n<li>\n\t\t\t\t\t\t\t\t\t\tExcellence Support\n\t\t\t\t\t\t\t\t\t<\/li>\n<\/ul>\n<h2>Nuestro recorrido Historico<\/h2>\n<p style=\"text-align: center;\">Luego de m\u00e1s de 30 a\u00f1os de liderazgo en la industria de la construcci\u00f3n en Argentina surge DCP Developers, una unidad de negocios experta en desarrollo inmobiliario. Comenzamos hace mas de 3 decadas como una empresa de sello y pintura. Con el paso del tiempo, fuimos consolidando clientes y ganando experiencia, lo que nos permiti\u00f3 convertirnos en una constructora. Desde nuestros inicios nos dedic\u00e1bamos a las refacciones, pero con el paso del tiempo gracias a nuestra honestidad y transparencia crecimos de forma exponencial y fuimos mutando en una empresa constructora. Hoy en d\u00eda, seguimos como empresa constructora pero tambien somos una desarrolladora en la cual nos encargamos de todo el proyecto.<\/p>\n<style>\/*! elementor - v3.9.2 - 21-12-2022 *\/\n.elementor-column .elementor-spacer-inner{height:var(--spacer-size)}.e-con{--container-widget-width:100%}.e-con-inner>.elementor-widget-spacer,.e-con>.elementor-widget-spacer{width:var(--container-widget-width,var(--spacer-size));--align-self:var(--container-widget-align-self,initial);--flex-shrink:0}.e-con-inner>.elementor-widget-spacer>.elementor-widget-container,.e-con-inner>.elementor-widget-spacer>.elementor-widget-container>.elementor-spacer,.e-con>.elementor-widget-spacer>.elementor-widget-container,.e-con>.elementor-widget-spacer>.elementor-widget-container>.elementor-spacer{height:100%}.e-con-inner>.elementor-widget-spacer>.elementor-widget-container>.elementor-spacer>.elementor-spacer-inner,.e-con>.elementor-widget-spacer>.elementor-widget-container>.elementor-spacer>.elementor-spacer-inner{height:var(--container-widget-height,var(--spacer-size))}<\/style>\n<h2>Serv\u00edcios<\/h2>\n<link rel=\"stylesheet\" href=\"https:\/\/dpcdevelopers.com\/wp-content\/plugins\/elementor\/assets\/css\/widget-icon-box.min.css\">\n<h4>\n\t\t\t\t\t\tDesarrollos Inmobiliarios\u200b<br \/>\n\t\t\t\t<\/h4>\n<h4>\n\t\t\t\t\t\tConstrucci\u00f3n<br \/>\n\t\t\t\t<\/h4>\n<h4>\n\t\t\t\t\t\tRefacciones<br \/>\n\t\t\t\t<\/h4>\n<h4>\n\t\t\t\t\t\tAsesor\u00eda Legal\u200b<br \/>\n\t\t\t\t<\/h4>\n<p>\t\t\t<a href=\"#\" role=\"button\"><br \/>\n\t\t\t\t\t\tContactar a DPC Developers<br \/>\n\t\t\t\t\t<\/a><\/p>\n<h2>Nuestros valores fundamentales<br \/>\n<\/h2>\n<p>\t\t\t\t\t\t\t\t\t\t\t\t\t\t\t<img decoding=\"async\" width=\"1024\" height=\"683\" src=\"https:\/\/dpcdevelopers.com\/wp-content\/uploads\/2023\/06\/pexels-thirdman-5256816-1-1024x683.jpg\" alt=\"\" loading=\"lazy\" srcset=\"https:\/\/dpcdevelopers.com\/wp-content\/uploads\/2023\/06\/pexels-thirdman-5256816-1-1024x683.jpg 1024w, https:\/\/dpcdevelopers.com\/wp-content\/uploads\/2023\/06\/pexels-thirdman-5256816-1-300x200.jpg 300w, https:\/\/dpcdevelopers.com\/wp-content\/uploads\/2023\/06\/pexels-thirdman-5256816-1-768x512.jpg 768w, https:\/\/dpcdevelopers.com\/wp-content\/uploads\/2023\/06\/pexels-thirdman-5256816-1-1536x1024.jpg 1536w, https:\/\/dpcdevelopers.com\/wp-content\/uploads\/2023\/06\/pexels-thirdman-5256816-1-2048x1365.jpg 2048w\" sizes=\"auto, (max-width: 1024px) 100vw, 1024px\" \/>\t\t\t\t\t\t\t\t\t\t\t\t\t\t\t<\/p>\n<h3>Nuestra Misi\u00f3n<\/h3>\n<p style=\"text-align: center;\">Ofrecer servicios de atenci\u00f3n personalizada, conforme a los m\u00e1ximos est\u00e1ndares \u00e9ticos y profesionales del rubro inmobiliario.<\/p>\n<h3>Nuestra Visi\u00f3n<\/h3>\n<p style=\"text-align: center;\">Ser una empresa de asesoramiento integral en el rubro inmobiliario, l\u00edder en el mercado actual y distinguida por brindar soluciones con un elevado grado de confiabilidad y compromiso profesional.<\/p>\n<p>\t\t\t\t\t\t\t\t\t\t\t\t\t\t\t<img decoding=\"async\" width=\"1024\" height=\"678\" src=\"https:\/\/dpcdevelopers.com\/wp-content\/uploads\/2023\/06\/pexels-startup-stock-photos-7092-1024x678.jpg\" alt=\"\" loading=\"lazy\" srcset=\"https:\/\/dpcdevelopers.com\/wp-content\/uploads\/2023\/06\/pexels-startup-stock-photos-7092-1024x678.jpg 1024w, https:\/\/dpcdevelopers.com\/wp-content\/uploads\/2023\/06\/pexels-startup-stock-photos-7092-300x199.jpg 300w, https:\/\/dpcdevelopers.com\/wp-content\/uploads\/2023\/06\/pexels-startup-stock-photos-7092-768x509.jpg 768w, https:\/\/dpcdevelopers.com\/wp-content\/uploads\/2023\/06\/pexels-startup-stock-photos-7092-1536x1017.jpg 1536w, https:\/\/dpcdevelopers.com\/wp-content\/uploads\/2023\/06\/pexels-startup-stock-photos-7092-2048x1356.jpg 2048w\" sizes=\"auto, (max-width: 1024px) 100vw, 1024px\" \/>\t\t\t\t\t\t\t\t\t\t\t\t\t\t\t<\/p>\n<style>\/*! pro-elements - v3.8.0 - 30-10-2022 *\/\n.elementor-gallery__container{min-height:1px}.elementor-gallery-item{position:relative;overflow:hidden;display:block;text-decoration:none;border:solid var(--image-border-width) var(--image-border-color);border-radius:var(--image-border-radius)}.elementor-gallery-item__content,.elementor-gallery-item__overlay{height:100%;width:100%;position:absolute;top:0;left:0}.elementor-gallery-item__overlay{mix-blend-mode:var(--overlay-mix-blend-mode);-webkit-transition-duration:var(--overlay-transition-duration);-o-transition-duration:var(--overlay-transition-duration);transition-duration:var(--overlay-transition-duration);-webkit-transition-property:mix-blend-mode,opacity,background-color,-webkit-transform;transition-property:mix-blend-mode,opacity,background-color,-webkit-transform;-o-transition-property:mix-blend-mode,transform,opacity,background-color;transition-property:mix-blend-mode,transform,opacity,background-color;transition-property:mix-blend-mode,transform,opacity,background-color,-webkit-transform}.elementor-gallery-item__image.e-gallery-image{-webkit-transition-duration:var(--image-transition-duration);-o-transition-duration:var(--image-transition-duration);transition-duration:var(--image-transition-duration);-webkit-transition-property:-webkit-filter,-webkit-transform;transition-property:-webkit-filter,-webkit-transform;-o-transition-property:filter,transform;transition-property:filter,transform;transition-property:filter,transform,-webkit-filter,-webkit-transform}.elementor-gallery-item__content{display:-webkit-box;display:-ms-flexbox;display:flex;-webkit-box-orient:vertical;-webkit-box-direction:normal;-ms-flex-direction:column;flex-direction:column;-webkit-box-pack:var(--content-justify-content,center);-ms-flex-pack:var(--content-justify-content,center);justify-content:var(--content-justify-content,center);-webkit-box-align:center;-ms-flex-align:center;align-items:center;text-align:var(--content-text-align);padding:var(--content-padding)}.elementor-gallery-item__content>div{-webkit-transition-duration:var(--content-transition-duration);-o-transition-duration:var(--content-transition-duration);transition-duration:var(--content-transition-duration)}.elementor-gallery-item__content.elementor-gallery--sequenced-animation>div:nth-child(2){-webkit-transition-delay:calc(var(--content-transition-delay) \/ 3);-o-transition-delay:calc(var(--content-transition-delay) \/ 3);transition-delay:calc(var(--content-transition-delay) \/ 3)}.elementor-gallery-item__content.elementor-gallery--sequenced-animation>div:nth-child(3){-webkit-transition-delay:calc(var(--content-transition-delay) \/ 3 * 2);-o-transition-delay:calc(var(--content-transition-delay) \/ 3 * 2);transition-delay:calc(var(--content-transition-delay) \/ 3 * 2)}.elementor-gallery-item__content.elementor-gallery--sequenced-animation>div:nth-child(4){-webkit-transition-delay:calc(var(--content-transition-delay) \/ 3 * 3);-o-transition-delay:calc(var(--content-transition-delay) \/ 3 * 3);transition-delay:calc(var(--content-transition-delay) \/ 3 * 3)}.elementor-gallery-item__description{color:var(--description-text-color,#fff);width:100%}.elementor-gallery-item__title{color:var(--title-text-color,#fff);font-weight:700;width:100%}.elementor-gallery__titles-container{display:-webkit-box;display:-ms-flexbox;display:flex;-ms-flex-wrap:wrap;flex-wrap:wrap;-webkit-box-pack:var(--titles-container-justify-content,center);-ms-flex-pack:var(--titles-container-justify-content,center);justify-content:var(--titles-container-justify-content,center);margin-bottom:20px}.elementor-gallery__titles-container:not(.e--pointer-framed) .elementor-item:after,.elementor-gallery__titles-container:not(.e--pointer-framed) .elementor-item:before{background-color:var(--galleries-pointer-bg-color-hover)}.elementor-gallery__titles-container:not(.e--pointer-framed) .elementor-item.elementor-item-active:after,.elementor-gallery__titles-container:not(.e--pointer-framed) .elementor-item.elementor-item-active:before{background-color:var(--galleries-pointer-bg-color-active)}.elementor-gallery__titles-container.e--pointer-framed .elementor-item:before{border-color:var(--galleries-pointer-bg-color-hover);border-width:var(--galleries-pointer-border-width)}.elementor-gallery__titles-container.e--pointer-framed .elementor-item:after{border-color:var(--galleries-pointer-bg-color-hover)}.elementor-gallery__titles-container.e--pointer-framed .elementor-item.elementor-item-active:after,.elementor-gallery__titles-container.e--pointer-framed .elementor-item.elementor-item-active:before{border-color:var(--galleries-pointer-bg-color-active)}.elementor-gallery__titles-container.e--pointer-framed.e--animation-draw .elementor-item:before{border-left-width:var(--galleries-pointer-border-width);border-bottom-width:var(--galleries-pointer-border-width);border-right-width:0;border-top-width:0}.elementor-gallery__titles-container.e--pointer-framed.e--animation-draw .elementor-item:after{border-left-width:0;border-bottom-width:0;border-right-width:var(--galleries-pointer-border-width);border-top-width:var(--galleries-pointer-border-width)}.elementor-gallery__titles-container.e--pointer-framed.e--animation-corners .elementor-item:before{border-left-width:var(--galleries-pointer-border-width);border-bottom-width:0;border-right-width:0;border-top-width:var(--galleries-pointer-border-width)}.elementor-gallery__titles-container.e--pointer-framed.e--animation-corners .elementor-item:after{border-left-width:0;border-bottom-width:var(--galleries-pointer-border-width);border-right-width:var(--galleries-pointer-border-width);border-top-width:0}.elementor-gallery__titles-container .e--pointer-double-line .elementor-item:after,.elementor-gallery__titles-container .e--pointer-double-line .elementor-item:before,.elementor-gallery__titles-container .e--pointer-overline .elementor-item:before,.elementor-gallery__titles-container .e--pointer-underline .elementor-item:after{height:var(--galleries-pointer-border-width)}.elementor-gallery-title{--space-between:10px;cursor:pointer;color:#6d7882;font-weight:500;position:relative;padding:7px 14px;-webkit-transition:all .3s;-o-transition:all .3s;transition:all .3s}.elementor-gallery-title--active{color:#495157}.elementor-gallery-title:not(:last-child){margin-right:var(--space-between)}.elementor-gallery-item__title+.elementor-gallery-item__description{margin-top:var(--description-margin-top)}.e-gallery-item.elementor-gallery-item{-webkit-transition-property:all;-o-transition-property:all;transition-property:all}.e-gallery-item.elementor-animated-content .elementor-animated-item--enter-from-bottom,.e-gallery-item.elementor-animated-content .elementor-animated-item--enter-from-left,.e-gallery-item.elementor-animated-content .elementor-animated-item--enter-from-right,.e-gallery-item.elementor-animated-content .elementor-animated-item--enter-from-top,.e-gallery-item:hover .elementor-gallery__item-overlay-bg,.e-gallery-item:hover .elementor-gallery__item-overlay-content,.e-gallery-item:hover .elementor-gallery__item-overlay-content__description,.e-gallery-item:hover .elementor-gallery__item-overlay-content__title{opacity:1}a.elementor-item.elementor-gallery-title{color:var(--galleries-title-color-normal)}a.elementor-item.elementor-gallery-title.elementor-item-active,a.elementor-item.elementor-gallery-title.highlighted,a.elementor-item.elementor-gallery-title:focus,a.elementor-item.elementor-gallery-title:hover{color:var(--galleries-title-color-hover)}a.elementor-item.elementor-gallery-title.elementor-item-active{color:var(--gallery-title-color-active)}.e-con-inner>.elementor-widget-gallery,.e-con>.elementor-widget-gallery{width:var(--container-widget-width,100%)}<\/style>\n","protected":false},"excerpt":{"rendered":"<p>Sobre Nosotros Sobre Nosotros Desarrollamos proyectos de vivienda innovadores. Centr\u00e1ndonos en la calidad constructiva y en un dise\u00f1o de vanguardia creamos grandes oportunidades de inversi\u00f3n en el mercado inmobiliario. Certified Company Satisfied Guaranteed Precise Builder Excellence Support Nuestro recorrido Historico Luego de m\u00e1s de 30 a\u00f1os de liderazgo en la industria de la construcci\u00f3n en &hellip;<\/p>\n<p class=\"read-more\"> <a class=\"\" href=\"https:\/\/dpcdevelopers.com\/index.php\/about-us\/\"> <span class=\"screen-reader-text\">About Us<\/span> Leer m\u00e1s &raquo;<\/a><\/p>\n","protected":false},"author":1,"featured_media":0,"parent":0,"menu_order":0,"comment_status":"closed","ping_status":"closed","template":"","meta":{"site-sidebar-layout":"no-sidebar","site-content-layout":"page-builder","ast-global-header-display":"","ast-main-header-display":"","ast-hfb-above-header-display":"","ast-hfb-below-header-display":"","ast-hfb-mobile-header-display":"","site-post-title":"disabled","ast-breadcrumbs-content":"","ast-featured-img":"disabled","footer-sml-layout":"","theme-transparent-header-meta":"enabled","adv-header-id-meta":"","stick-header-meta":"","header-above-stick-meta":"","header-main-stick-meta":"","header-below-stick-meta":"","footnotes":""},"class_list":["post-119","page","type-page","status-publish","hentry"],"_links":{"self":[{"href":"https:\/\/dpcdevelopers.com\/index.php\/wp-json\/wp\/v2\/pages\/119","targetHints":{"allow":["GET"]}}],"collection":[{"href":"https:\/\/dpcdevelopers.com\/index.php\/wp-json\/wp\/v2\/pages"}],"about":[{"href":"https:\/\/dpcdevelopers.com\/index.php\/wp-json\/wp\/v2\/types\/page"}],"author":[{"embeddable":true,"href":"https:\/\/dpcdevelopers.com\/index.php\/wp-json\/wp\/v2\/users\/1"}],"replies":[{"embeddable":true,"href":"https:\/\/dpcdevelopers.com\/index.php\/wp-json\/wp\/v2\/comments?post=119"}],"version-history":[{"count":22,"href":"https:\/\/dpcdevelopers.com\/index.php\/wp-json\/wp\/v2\/pages\/119\/revisions"}],"predecessor-version":[{"id":1634,"href":"https:\/\/dpcdevelopers.com\/index.php\/wp-json\/wp\/v2\/pages\/119\/revisions\/1634"}],"wp:attachment":[{"href":"https:\/\/dpcdevelopers.com\/index.php\/wp-json\/wp\/v2\/media?parent=119"}],"curies":[{"name":"wp","href":"https:\/\/api.w.org\/{rel}","templated":true}]}}