{"id":147,"date":"2020-08-19T05:21:42","date_gmt":"2020-08-19T05:21:42","guid":{"rendered":"https:\/\/dpcdevelopers.com\/index.php\/services\/"},"modified":"2023-06-28T14:12:08","modified_gmt":"2023-06-28T14:12:08","slug":"services","status":"publish","type":"page","link":"https:\/\/dpcdevelopers.com\/index.php\/services\/","title":{"rendered":"Services"},"content":{"rendered":"<style>\/*! elementor - v3.9.2 - 21-12-2022 *\/\n.elementor-heading-title{padding:0;margin:0;line-height:1}.elementor-widget-heading .elementor-heading-title[class*=elementor-size-]>a{color:inherit;font-size:inherit;line-height:inherit}.elementor-widget-heading .elementor-heading-title.elementor-size-small{font-size:15px}.elementor-widget-heading .elementor-heading-title.elementor-size-medium{font-size:19px}.elementor-widget-heading .elementor-heading-title.elementor-size-large{font-size:29px}.elementor-widget-heading .elementor-heading-title.elementor-size-xl{font-size:39px}.elementor-widget-heading .elementor-heading-title.elementor-size-xxl{font-size:59px}<\/style>\n<h1>Servicios<\/h1>\n<h4>01.<\/h4>\n<h3>Desarrollos inmobiliarios <\/h3>\n<p style=\"text-align: center;\">Nos encargamos de todo el desarrollo de los proyectos, desde la compra del terreno, aprobaci\u00f3n de planos y permisos, dise\u00f1o del proyecto y llevar a cabo la construcci\u00f3n del mismo.<\/p>\n<p>\t\t\t<a href=\"#\" role=\"button\"><br \/>\n\t\t\t\t\t\tSaber M\u00e1s<br \/>\n\t\t\t\t\t<\/a><\/p>\n<style>\/*! elementor - v3.9.2 - 21-12-2022 *\/\n.elementor-column .elementor-spacer-inner{height:var(--spacer-size)}.e-con{--container-widget-width:100%}.e-con-inner>.elementor-widget-spacer,.e-con>.elementor-widget-spacer{width:var(--container-widget-width,var(--spacer-size));--align-self:var(--container-widget-align-self,initial);--flex-shrink:0}.e-con-inner>.elementor-widget-spacer>.elementor-widget-container,.e-con-inner>.elementor-widget-spacer>.elementor-widget-container>.elementor-spacer,.e-con>.elementor-widget-spacer>.elementor-widget-container,.e-con>.elementor-widget-spacer>.elementor-widget-container>.elementor-spacer{height:100%}.e-con-inner>.elementor-widget-spacer>.elementor-widget-container>.elementor-spacer>.elementor-spacer-inner,.e-con>.elementor-widget-spacer>.elementor-widget-container>.elementor-spacer>.elementor-spacer-inner{height:var(--container-widget-height,var(--spacer-size))}<\/style>\n<h4>02.<\/h4>\n<h3>construcci\u00f3n <\/h3>\n<p style=\"text-align: center;\">Estructuras de <strong>hormig\u00f3n<\/strong>\u00a0armado o\u00a0<strong>ladrillo<\/strong> portante. Este sistema cuenta con la mayor oferta de mano de obra, materiales, proveedores y tecnolog\u00eda de construcci\u00f3n.<\/p>\n<p>\t\t\t<a href=\"#\" role=\"button\"><br \/>\n\t\t\t\t\t\tSaber M\u00e1s<br \/>\n\t\t\t\t\t<\/a><\/p>\n<h4>03.<\/h4>\n<h3>refacciones <\/h3>\n<p style=\"text-align: center;\">Tenemos un equipo especializado que puede ir a revisar su propiedad y cotizarle las refacciones que le sean necesarias para modernizar su inmueble.<\/p>\n<p>\t\t\t<a href=\"#\" role=\"button\"><br \/>\n\t\t\t\t\t\tSaber M\u00e1s<br \/>\n\t\t\t\t\t<\/a><\/p>\n<h4>04.<\/h4>\n<h3>Asesor\u00eda Legal<\/h3>\n<p style=\"text-align: center;\">Ofrecemos el servicio de asesor\u00eda legal-notarial para la compra\/venta de su vivienda, tomando en consideraci\u00f3n aspectos fundamentales como las obligaciones impositivas y realizando una debida diligencia.<\/p>\n<p>\t\t\t<a href=\"#\" role=\"button\"><br \/>\n\t\t\t\t\t\tSaber M\u00e1s<br \/>\n\t\t\t\t\t<\/a><\/p>\n<style>\/*! elementor - v3.9.2 - 21-12-2022 *\/\n.elementor-widget-image{text-align:center}.elementor-widget-image a{display:inline-block}.elementor-widget-image a img[src$=\".svg\"]{width:48px}.elementor-widget-image img{vertical-align:middle;display:inline-block}<\/style>\n<p>\t\t\t\t\t\t\t\t\t\t\t\t<img decoding=\"async\" width=\"1024\" height=\"640\" src=\"https:\/\/dpcdevelopers.com\/wp-content\/uploads\/2023\/06\/pexels-pixabay-416405-1-1024x640.jpg\" alt=\"\" loading=\"lazy\" srcset=\"https:\/\/dpcdevelopers.com\/wp-content\/uploads\/2023\/06\/pexels-pixabay-416405-1-1024x640.jpg 1024w, https:\/\/dpcdevelopers.com\/wp-content\/uploads\/2023\/06\/pexels-pixabay-416405-1-300x188.jpg 300w, https:\/\/dpcdevelopers.com\/wp-content\/uploads\/2023\/06\/pexels-pixabay-416405-1-768x480.jpg 768w, https:\/\/dpcdevelopers.com\/wp-content\/uploads\/2023\/06\/pexels-pixabay-416405-1-1536x960.jpg 1536w, https:\/\/dpcdevelopers.com\/wp-content\/uploads\/2023\/06\/pexels-pixabay-416405-1-2048x1280.jpg 2048w\" sizes=\"auto, (max-width: 1024px) 100vw, 1024px\" \/>\t\t\t\t\t\t\t\t\t\t\t\t\t\t\t<\/p>\n<h3>Innovaci\u00f3n y Eficiencia en Dise\u00f1o Arquitect\u00f3nico<\/h3>\n<link rel=\"stylesheet\" href=\"https:\/\/dpcdevelopers.com\/wp-content\/plugins\/elementor\/assets\/css\/widget-icon-box.min.css\">\n<h4>\n\t\t\t\t<\/h4>\n<p>\n\t\t\t\t\t\tAprovechamos al m\u00e1ximo los espacios y integramos sistemas ecol\u00f3gicos en nuestros proyectos. Garantizamos una construcci\u00f3n de alta calidad y con precios competitivos en ciudades cosmopolitas\t\t\t\t\t<\/p>\n<h3>Asesoramiento Confiable en Compra\/Venta de Viviendas<\/h3>\n<h4>\n\t\t\t\t<\/h4>\n<p>\n\t\t\t\t\t\tOfrecemos asesoramiento legal-notarial para la compra\/venta de viviendas, considerando aspectos fundamentales y garantizando la seguridad de nuestros clientes\t\t\t\t\t<\/p>\n<p>\t\t\t\t\t\t\t\t\t\t\t\t\t\t\t<img decoding=\"async\" width=\"1024\" height=\"683\" src=\"https:\/\/dpcdevelopers.com\/wp-content\/uploads\/2023\/06\/pexels-rdne-stock-project-8293778-1-1024x683.jpg\" alt=\"\" loading=\"lazy\" srcset=\"https:\/\/dpcdevelopers.com\/wp-content\/uploads\/2023\/06\/pexels-rdne-stock-project-8293778-1-1024x683.jpg 1024w, https:\/\/dpcdevelopers.com\/wp-content\/uploads\/2023\/06\/pexels-rdne-stock-project-8293778-1-300x200.jpg 300w, https:\/\/dpcdevelopers.com\/wp-content\/uploads\/2023\/06\/pexels-rdne-stock-project-8293778-1-768x512.jpg 768w, https:\/\/dpcdevelopers.com\/wp-content\/uploads\/2023\/06\/pexels-rdne-stock-project-8293778-1-1536x1024.jpg 1536w, https:\/\/dpcdevelopers.com\/wp-content\/uploads\/2023\/06\/pexels-rdne-stock-project-8293778-1-2048x1365.jpg 2048w\" sizes=\"auto, (max-width: 1024px) 100vw, 1024px\" \/><br \/>\n\t\t\t\t\t\t\t\t\t\t\t\t\t\t\t<img decoding=\"async\" width=\"1024\" height=\"683\" src=\"https:\/\/dpcdevelopers.com\/wp-content\/uploads\/2023\/06\/pexels-rdne-stock-project-7821685-1-1024x683.jpg\" alt=\"\" loading=\"lazy\" srcset=\"https:\/\/dpcdevelopers.com\/wp-content\/uploads\/2023\/06\/pexels-rdne-stock-project-7821685-1-1024x683.jpg 1024w, https:\/\/dpcdevelopers.com\/wp-content\/uploads\/2023\/06\/pexels-rdne-stock-project-7821685-1-300x200.jpg 300w, https:\/\/dpcdevelopers.com\/wp-content\/uploads\/2023\/06\/pexels-rdne-stock-project-7821685-1-768x512.jpg 768w, https:\/\/dpcdevelopers.com\/wp-content\/uploads\/2023\/06\/pexels-rdne-stock-project-7821685-1-1536x1024.jpg 1536w, https:\/\/dpcdevelopers.com\/wp-content\/uploads\/2023\/06\/pexels-rdne-stock-project-7821685-1-2048x1365.jpg 2048w\" sizes=\"auto, (max-width: 1024px) 100vw, 1024px\" \/>\t\t\t\t\t\t\t\t\t\t\t\t\t\t\t<\/p>\n<h3>Eficiencia y Ahorro en Administraci\u00f3n de Obra<\/h3>\n<h4>\n\t\t\t\t<\/h4>\n<p>\n\t\t\t\t\t\tNuestro equipo capacitado utiliza sistemas de administraci\u00f3n efectivos para asegurar el \u00e9xito del proyecto y lograr un ahorro en tiempo y costos\t\t\t\t\t<\/p>\n<p>\t\t\t<a href=\"#\" role=\"button\"><br \/>\n\t\t\t\t\t\tContactar a DPC Developers<br \/>\n\t\t\t\t\t<\/a><\/p>\n<h3>Desarrollo Integral de Edificios y Casas<\/h3>\n<h4>\n\t\t\t\t<\/h4>\n<p>\n\t\t\t\t\t\tNos encargamos de todo el desarrollo de proyectos de edificios y casas, utilizando el sistema tradicional de construcci\u00f3n con hormig\u00f3n armado o ladrillo portante. Ofrecemos precios competitivos y una calidad probada\t\t\t\t\t<\/p>\n<p>\t\t\t\t\t\t\t\t\t\t\t\t\t\t\t<img decoding=\"async\" width=\"1024\" height=\"1024\" src=\"https:\/\/dpcdevelopers.com\/wp-content\/uploads\/2022\/12\/handsome-construction-workers-sitting-on-concrete-at-construction-site-discussing-building-plans-1-1024x1024.jpg\" alt=\"\" loading=\"lazy\" srcset=\"https:\/\/dpcdevelopers.com\/wp-content\/uploads\/2022\/12\/handsome-construction-workers-sitting-on-concrete-at-construction-site-discussing-building-plans-1-1024x1024.jpg 1024w, https:\/\/dpcdevelopers.com\/wp-content\/uploads\/2022\/12\/handsome-construction-workers-sitting-on-concrete-at-construction-site-discussing-building-plans-1-300x300.jpg 300w, https:\/\/dpcdevelopers.com\/wp-content\/uploads\/2022\/12\/handsome-construction-workers-sitting-on-concrete-at-construction-site-discussing-building-plans-1-150x150.jpg 150w, https:\/\/dpcdevelopers.com\/wp-content\/uploads\/2022\/12\/handsome-construction-workers-sitting-on-concrete-at-construction-site-discussing-building-plans-1-768x768.jpg 768w, https:\/\/dpcdevelopers.com\/wp-content\/uploads\/2022\/12\/handsome-construction-workers-sitting-on-concrete-at-construction-site-discussing-building-plans-1-1536x1536.jpg 1536w, https:\/\/dpcdevelopers.com\/wp-content\/uploads\/2022\/12\/handsome-construction-workers-sitting-on-concrete-at-construction-site-discussing-building-plans-1.jpg 2000w\" sizes=\"auto, (max-width: 1024px) 100vw, 1024px\" \/><br \/>\n            <img decoding=\"async\" src=\"https:\/\/dpcdevelopers.com\/wp-content\/uploads\/2023\/06\/PHOTO-2023-03-30-21-27-17-4.jpg\" title=\"PHOTO-2023-03-30-21-27-17 (4)\" alt=\"PHOTO-2023-03-30-21-27-17 (4)\" \/><img decoding=\"async\" src=\"https:\/\/dpcdevelopers.com\/wp-content\/uploads\/2023\/06\/img-2176.jpg\" title=\"img-2176\" alt=\"img-2176\" \/>        <\/p>\n<h3>Refacciones Eficientes Y Transparentes\u200b<\/h3>\n<h4>\n\t\t\t\t<\/h4>\n<p>\n\t\t\t\t\t\tContamos con un equipo especializado para cotizar y llevar a cabo refacciones en su propiedad de forma transparente.\t\t\t\t\t<\/p>\n","protected":false},"excerpt":{"rendered":"<p>Servicios 01. Desarrollos inmobiliarios Nos encargamos de todo el desarrollo de los proyectos, desde la compra del terreno, aprobaci\u00f3n de planos y permisos, dise\u00f1o del proyecto y llevar a cabo la construcci\u00f3n del mismo. Saber M\u00e1s 02. construcci\u00f3n Estructuras de hormig\u00f3n\u00a0armado o\u00a0ladrillo portante. Este sistema cuenta con la mayor oferta de mano de obra, materiales, &hellip;<\/p>\n<p class=\"read-more\"> <a class=\"\" href=\"https:\/\/dpcdevelopers.com\/index.php\/services\/\"> <span class=\"screen-reader-text\">Services<\/span> Leer m\u00e1s &raquo;<\/a><\/p>\n","protected":false},"author":1,"featured_media":0,"parent":0,"menu_order":0,"comment_status":"closed","ping_status":"closed","template":"","meta":{"site-sidebar-layout":"no-sidebar","site-content-layout":"page-builder","ast-global-header-display":"","ast-main-header-display":"","ast-hfb-above-header-display":"","ast-hfb-below-header-display":"","ast-hfb-mobile-header-display":"","site-post-title":"disabled","ast-breadcrumbs-content":"","ast-featured-img":"disabled","footer-sml-layout":"","theme-transparent-header-meta":"enabled","adv-header-id-meta":"","stick-header-meta":"","header-above-stick-meta":"","header-main-stick-meta":"","header-below-stick-meta":"","footnotes":""},"class_list":["post-147","page","type-page","status-publish","hentry"],"_links":{"self":[{"href":"https:\/\/dpcdevelopers.com\/index.php\/wp-json\/wp\/v2\/pages\/147","targetHints":{"allow":["GET"]}}],"collection":[{"href":"https:\/\/dpcdevelopers.com\/index.php\/wp-json\/wp\/v2\/pages"}],"about":[{"href":"https:\/\/dpcdevelopers.com\/index.php\/wp-json\/wp\/v2\/types\/page"}],"author":[{"embeddable":true,"href":"https:\/\/dpcdevelopers.com\/index.php\/wp-json\/wp\/v2\/users\/1"}],"replies":[{"embeddable":true,"href":"https:\/\/dpcdevelopers.com\/index.php\/wp-json\/wp\/v2\/comments?post=147"}],"version-history":[{"count":13,"href":"https:\/\/dpcdevelopers.com\/index.php\/wp-json\/wp\/v2\/pages\/147\/revisions"}],"predecessor-version":[{"id":1647,"href":"https:\/\/dpcdevelopers.com\/index.php\/wp-json\/wp\/v2\/pages\/147\/revisions\/1647"}],"wp:attachment":[{"href":"https:\/\/dpcdevelopers.com\/index.php\/wp-json\/wp\/v2\/media?parent=147"}],"curies":[{"name":"wp","href":"https:\/\/api.w.org\/{rel}","templated":true}]}}