{"id":162,"date":"2020-08-19T06:19:39","date_gmt":"2020-08-19T06:19:39","guid":{"rendered":"https:\/\/dpcdevelopers.com\/index.php\/projects\/"},"modified":"2023-06-28T15:33:47","modified_gmt":"2023-06-28T15:33:47","slug":"projects","status":"publish","type":"page","link":"https:\/\/dpcdevelopers.com\/index.php\/projects\/","title":{"rendered":"Projects"},"content":{"rendered":"<style>\/*! elementor - v3.9.2 - 21-12-2022 *\/\n.elementor-heading-title{padding:0;margin:0;line-height:1}.elementor-widget-heading .elementor-heading-title[class*=elementor-size-]>a{color:inherit;font-size:inherit;line-height:inherit}.elementor-widget-heading .elementor-heading-title.elementor-size-small{font-size:15px}.elementor-widget-heading .elementor-heading-title.elementor-size-medium{font-size:19px}.elementor-widget-heading .elementor-heading-title.elementor-size-large{font-size:29px}.elementor-widget-heading .elementor-heading-title.elementor-size-xl{font-size:39px}.elementor-widget-heading .elementor-heading-title.elementor-size-xxl{font-size:59px}<\/style>\n<h1>Obras en ejecuci\u00f3n<\/h1>\n<style>\/*! elementor - v3.9.2 - 21-12-2022 *\/\n.elementor-column .elementor-spacer-inner{height:var(--spacer-size)}.e-con{--container-widget-width:100%}.e-con-inner>.elementor-widget-spacer,.e-con>.elementor-widget-spacer{width:var(--container-widget-width,var(--spacer-size));--align-self:var(--container-widget-align-self,initial);--flex-shrink:0}.e-con-inner>.elementor-widget-spacer>.elementor-widget-container,.e-con-inner>.elementor-widget-spacer>.elementor-widget-container>.elementor-spacer,.e-con>.elementor-widget-spacer>.elementor-widget-container,.e-con>.elementor-widget-spacer>.elementor-widget-container>.elementor-spacer{height:100%}.e-con-inner>.elementor-widget-spacer>.elementor-widget-container>.elementor-spacer>.elementor-spacer-inner,.e-con>.elementor-widget-spacer>.elementor-widget-container>.elementor-spacer>.elementor-spacer-inner{height:var(--container-widget-height,var(--spacer-size))}<\/style>\n<h2>Nuestros Avances Estructurales<\/h2>\n<h2>Humboldt 2250 <\/h2>\n<p style=\"text-align: center;\">Etapa terminaciones, yeser\u00eda, pintura, colocaci\u00f3n, Hormig\u00f3n Armado, Arrancando Alba\u00f1ileria, Plomeria, Electricidad.<\/p>\n<link rel=\"stylesheet\" href=\"https:\/\/dpcdevelopers.com\/wp-content\/plugins\/pro-elements\/assets\/css\/widget-carousel.min.css\">\n<h2>santa maria oro 2476<\/h2>\n<p style=\"text-align: center;\">Etapas subsuelo, Llenado de tabiques, Sub-murales, Bases chicas.<\/p>\n<p>\t\t\t<a href=\"#\" role=\"button\"><br \/>\n\t\t\t\t\t\tContactar a DPC Developers<br \/>\n\t\t\t\t\t<\/a><\/p>\n<h2>Warnes 430<\/h2>\n<p>Etapas, Sub-suelos, Arrancando alba\u00f1ileria, Hormigon armado, Salida de Planta Baja.<\/p>\n<link rel=\"stylesheet\" href=\"https:\/\/dpcdevelopers.com\/wp-content\/plugins\/elementor\/assets\/css\/widget-icon-list.min.css\">\n<ul>\n<li>\n\t\t\t\t\t\t\t\t\t\tProfessional Team\n\t\t\t\t\t\t\t\t\t<\/li>\n<li>\n\t\t\t\t\t\t\t\t\t\tCertification Team\n\t\t\t\t\t\t\t\t\t<\/li>\n<li>\n\t\t\t\t\t\t\t\t\t\tGood Taste\n\t\t\t\t\t\t\t\t\t<\/li>\n<\/ul>\n<ul>\n<li>\n\t\t\t\t\t\t\t\t\t\tProfessional Team\n\t\t\t\t\t\t\t\t\t<\/li>\n<li>\n\t\t\t\t\t\t\t\t\t\tCertification Team\n\t\t\t\t\t\t\t\t\t<\/li>\n<li>\n\t\t\t\t\t\t\t\t\t\tGood Taste\n\t\t\t\t\t\t\t\t\t<\/li>\n<\/ul>\n<h2>Pringles 281<\/h2>\n<p>Etapas, Hormig\u00f3n Armado, Arrancando alba\u00f1ileria, Plomeria, Electricidad.<\/p>\n<h2>Bulnes 885 <\/h2>\n<p style=\"text-align: center;\">Etapas<\/p>\n<h2>Casas llave en mano en Pilar Del Este<\/h2>\n<p style=\"text-align: center;\">Etapas subsuelo<\/p>\n<p>\t\t\t<a href=\"#\" role=\"button\"><br \/>\n\t\t\t\t\t\tContactar a DPC Developers<br \/>\n\t\t\t\t\t<\/a><br \/>\n\t\thttps:\/\/youtu.be\/EgCOIUv5q5ghttps:\/\/youtu.be\/NtYwZYFvB_Uhttps:\/\/youtu.be\/NtYwZYFvB_U\t\t<\/p>\n<h2>Refacciones <\/h2>\n<h2>Migueletes <\/h2>\n<p style=\"text-align: center;\">Antes<\/p>\n<h2>Migueletes <\/h2>\n<p style=\"text-align: center;\">Despues<\/p>\n<p>            <img decoding=\"async\" src=\"https:\/\/dpcdevelopers.com\/wp-content\/uploads\/2023\/04\/PHOTO-2023-03-30-20-40-02-1.jpg\" title=\"\" alt=\"\" \/><img decoding=\"async\" src=\"https:\/\/dpcdevelopers.com\/wp-content\/uploads\/2023\/04\/PHOTO-2023-03-30-20-41-32-1-scaled.jpg\" title=\"\" alt=\"\" \/><br \/>\n            <img decoding=\"async\" src=\"https:\/\/dpcdevelopers.com\/wp-content\/uploads\/2023\/04\/PHOTO-2023-03-30-20-40-033-scaled.jpg\" title=\"\" alt=\"\" \/><img decoding=\"async\" src=\"https:\/\/dpcdevelopers.com\/wp-content\/uploads\/2023\/04\/PHOTO-2023-03-30-20-41-33-scaled.jpg\" title=\"\" alt=\"\" \/>        <\/p>\n<h2>local Wilson tobal<\/h2>\n<p style=\"text-align: center;\">Antes<\/p>\n<h2>local Wilson tobal<\/h2>\n<p style=\"text-align: center;\">Despues<\/p>\n<p>            <img decoding=\"async\" src=\"https:\/\/dpcdevelopers.com\/wp-content\/uploads\/2023\/04\/PHOTO-2023-03-30-21-27-20.jpg\" title=\"\" alt=\"\" \/><img decoding=\"async\" src=\"https:\/\/dpcdevelopers.com\/wp-content\/uploads\/2023\/04\/IMG_2178-_2_-scaled.jpg\" title=\"\" alt=\"\" \/><br \/>\n            <img decoding=\"async\" src=\"https:\/\/dpcdevelopers.com\/wp-content\/uploads\/2023\/04\/PHOTO-2023-03-30-21-27-12-1-e1682001139967.jpg\" title=\"\" alt=\"\" \/><img decoding=\"async\" src=\"https:\/\/dpcdevelopers.com\/wp-content\/uploads\/2023\/04\/IMG_2198-scaled.jpg\" title=\"\" alt=\"\" \/><\/p>\n","protected":false},"excerpt":{"rendered":"<p>Obras en ejecuci\u00f3n Nuestros Avances Estructurales Humboldt 2250 Etapa terminaciones, yeser\u00eda, pintura, colocaci\u00f3n, Hormig\u00f3n Armado, Arrancando Alba\u00f1ileria, Plomeria, Electricidad. santa maria oro 2476 Etapas subsuelo, Llenado de tabiques, Sub-murales, Bases chicas. Contactar a DPC Developers Warnes 430 Etapas, Sub-suelos, Arrancando alba\u00f1ileria, Hormigon armado, Salida de Planta Baja. Professional Team Certification Team Good Taste Professional Team &hellip;<\/p>\n<p class=\"read-more\"> <a class=\"\" href=\"https:\/\/dpcdevelopers.com\/index.php\/projects\/\"> <span class=\"screen-reader-text\">Projects<\/span> Leer m\u00e1s &raquo;<\/a><\/p>\n","protected":false},"author":1,"featured_media":0,"parent":0,"menu_order":0,"comment_status":"closed","ping_status":"closed","template":"elementor_header_footer","meta":{"site-sidebar-layout":"no-sidebar","site-content-layout":"page-builder","ast-global-header-display":"","ast-main-header-display":"","ast-hfb-above-header-display":"","ast-hfb-below-header-display":"","ast-hfb-mobile-header-display":"","site-post-title":"disabled","ast-breadcrumbs-content":"","ast-featured-img":"disabled","footer-sml-layout":"","theme-transparent-header-meta":"enabled","adv-header-id-meta":"","stick-header-meta":"","header-above-stick-meta":"","header-main-stick-meta":"","header-below-stick-meta":"","footnotes":""},"class_list":["post-162","page","type-page","status-publish","hentry"],"_links":{"self":[{"href":"https:\/\/dpcdevelopers.com\/index.php\/wp-json\/wp\/v2\/pages\/162","targetHints":{"allow":["GET"]}}],"collection":[{"href":"https:\/\/dpcdevelopers.com\/index.php\/wp-json\/wp\/v2\/pages"}],"about":[{"href":"https:\/\/dpcdevelopers.com\/index.php\/wp-json\/wp\/v2\/types\/page"}],"author":[{"embeddable":true,"href":"https:\/\/dpcdevelopers.com\/index.php\/wp-json\/wp\/v2\/users\/1"}],"replies":[{"embeddable":true,"href":"https:\/\/dpcdevelopers.com\/index.php\/wp-json\/wp\/v2\/comments?post=162"}],"version-history":[{"count":58,"href":"https:\/\/dpcdevelopers.com\/index.php\/wp-json\/wp\/v2\/pages\/162\/revisions"}],"predecessor-version":[{"id":1727,"href":"https:\/\/dpcdevelopers.com\/index.php\/wp-json\/wp\/v2\/pages\/162\/revisions\/1727"}],"wp:attachment":[{"href":"https:\/\/dpcdevelopers.com\/index.php\/wp-json\/wp\/v2\/media?parent=162"}],"curies":[{"name":"wp","href":"https:\/\/api.w.org\/{rel}","templated":true}]}}