{"id":390,"date":"2020-08-18T07:58:49","date_gmt":"2020-08-18T07:58:49","guid":{"rendered":"https:\/\/dpcdevelopers.com\/index.php\/home\/"},"modified":"2023-06-27T15:06:08","modified_gmt":"2023-06-27T15:06:08","slug":"home","status":"publish","type":"page","link":"https:\/\/dpcdevelopers.com\/","title":{"rendered":"Home"},"content":{"rendered":"<style>\/*! elementor - v3.9.2 - 21-12-2022 *\/\n.elementor-heading-title{padding:0;margin:0;line-height:1}.elementor-widget-heading .elementor-heading-title[class*=elementor-size-]>a{color:inherit;font-size:inherit;line-height:inherit}.elementor-widget-heading .elementor-heading-title.elementor-size-small{font-size:15px}.elementor-widget-heading .elementor-heading-title.elementor-size-medium{font-size:19px}.elementor-widget-heading .elementor-heading-title.elementor-size-large{font-size:29px}.elementor-widget-heading .elementor-heading-title.elementor-size-xl{font-size:39px}.elementor-widget-heading .elementor-heading-title.elementor-size-xxl{font-size:59px}<\/style>\n<h1>Construyendo el futuro juntos<\/h1>\n<p>Con DPC Developers, encuentra tu hogar perfecto e invierte con confianza.<\/p>\n<p>\t\t\t<a href=\"#Servicios\" role=\"button\"><br \/>\n\t\t\t\t\t\tConocer m\u00e1s<br \/>\n\t\t\t\t\t<\/a><\/p>\n<style>\/*! elementor - v3.9.2 - 21-12-2022 *\/\n.elementor-counter .elementor-counter-number-wrapper{display:flex;font-size:69px;font-weight:600;line-height:1}.elementor-counter .elementor-counter-number-prefix,.elementor-counter .elementor-counter-number-suffix{flex-grow:1;white-space:pre-wrap}.elementor-counter .elementor-counter-number-prefix{text-align:right}.elementor-counter .elementor-counter-number-suffix{text-align:left}.elementor-counter .elementor-counter-title{text-align:center;font-size:19px;font-weight:400;line-height:2.5}<\/style>\n<p>\t\t\t\t0<br \/>\n\t\t\t\t+<br \/>\n\t\t\t\t\t\t\tEdificios<br \/>\n\t\t\t\t0<br \/>\n\t\t\t\t.000<br \/>\n\t\t\t\t\t\t\tMetros Cuadrados Construidos<br \/>\n\t\t\t\t0<br \/>\n\t\t\t\t+<br \/>\n\t\t\t\t\t\t\tDepartamentos<br \/>\n\t\t\t\t100<br \/>\n\t\t\t\t+<br \/>\n\t\t\t\t\t\t\tInversores conf\u00edan en Nosotros<\/p>\n<h2>Qui\u00e9nes somos<\/h2>\n<p>Con\u00f3cenos m\u00e1s y descubre por qu\u00e9 elegirnos para construir tu futuro.<\/p>\n<p>La estabilidad y solidez de DPC Developers est\u00e1 respaldada no s\u00f3lo en los miles de metros cuadrados construidos y en los varios modelos de inversi\u00f3n, sino tambi\u00e9n en los clientes que desde distintas latitudes depositan sus anhelos y deseos confiando en nuestros valores, siendo incluso ellos mismos embajadores de la marca.<\/p>\n<p>\t\t\t<a href=\"#Proyectos\" role=\"button\"><br \/>\n\t\t\t\t\t\tVer Proyectos<br \/>\n\t\t\t\t\t<\/a><\/p>\n<style>\/*! elementor - v3.9.2 - 21-12-2022 *\/\n.elementor-widget-divider{--divider-border-style:none;--divider-border-width:1px;--divider-color:#2c2c2c;--divider-icon-size:20px;--divider-element-spacing:10px;--divider-pattern-height:24px;--divider-pattern-size:20px;--divider-pattern-url:none;--divider-pattern-repeat:repeat-x}.elementor-widget-divider .elementor-divider{display:flex}.elementor-widget-divider .elementor-divider__text{font-size:15px;line-height:1;max-width:95%}.elementor-widget-divider .elementor-divider__element{margin:0 var(--divider-element-spacing);flex-shrink:0}.elementor-widget-divider .elementor-icon{font-size:var(--divider-icon-size)}.elementor-widget-divider .elementor-divider-separator{display:flex;margin:0;direction:ltr}.elementor-widget-divider--view-line_icon .elementor-divider-separator,.elementor-widget-divider--view-line_text .elementor-divider-separator{align-items:center}.elementor-widget-divider--view-line_icon .elementor-divider-separator:after,.elementor-widget-divider--view-line_icon .elementor-divider-separator:before,.elementor-widget-divider--view-line_text .elementor-divider-separator:after,.elementor-widget-divider--view-line_text .elementor-divider-separator:before{display:block;content:\"\";border-bottom:0;flex-grow:1;border-top:var(--divider-border-width) var(--divider-border-style) var(--divider-color)}.elementor-widget-divider--element-align-left .elementor-divider .elementor-divider-separator>.elementor-divider__svg:first-of-type{flex-grow:0;flex-shrink:100}.elementor-widget-divider--element-align-left .elementor-divider-separator:before{content:none}.elementor-widget-divider--element-align-left .elementor-divider__element{margin-left:0}.elementor-widget-divider--element-align-right .elementor-divider .elementor-divider-separator>.elementor-divider__svg:last-of-type{flex-grow:0;flex-shrink:100}.elementor-widget-divider--element-align-right .elementor-divider-separator:after{content:none}.elementor-widget-divider--element-align-right .elementor-divider__element{margin-right:0}.elementor-widget-divider:not(.elementor-widget-divider--view-line_text):not(.elementor-widget-divider--view-line_icon) .elementor-divider-separator{border-top:var(--divider-border-width) var(--divider-border-style) var(--divider-color)}.elementor-widget-divider--separator-type-pattern{--divider-border-style:none}.elementor-widget-divider--separator-type-pattern.elementor-widget-divider--view-line .elementor-divider-separator,.elementor-widget-divider--separator-type-pattern:not(.elementor-widget-divider--view-line) .elementor-divider-separator:after,.elementor-widget-divider--separator-type-pattern:not(.elementor-widget-divider--view-line) .elementor-divider-separator:before,.elementor-widget-divider--separator-type-pattern:not([class*=elementor-widget-divider--view]) .elementor-divider-separator{width:100%;min-height:var(--divider-pattern-height);-webkit-mask-size:var(--divider-pattern-size) 100%;mask-size:var(--divider-pattern-size) 100%;-webkit-mask-repeat:var(--divider-pattern-repeat);mask-repeat:var(--divider-pattern-repeat);background-color:var(--divider-color);-webkit-mask-image:var(--divider-pattern-url);mask-image:var(--divider-pattern-url)}.elementor-widget-divider--no-spacing{--divider-pattern-size:auto}.elementor-widget-divider--bg-round{--divider-pattern-repeat:round}.rtl .elementor-widget-divider .elementor-divider__text{direction:rtl}.e-con-inner>.elementor-widget-divider,.e-con>.elementor-widget-divider{width:var(--container-widget-width);--flex-grow:var(--container-widget-flex-grow)}<\/style>\n<h4>Solicita una Cotizaci\u00f3n <\/h4>\n<h2>Nuestros Servicios<\/h2>\n<h4>01.<\/h4>\n<h3>Desarrollos inmobiliarios <\/h3>\n<p style=\"text-align: left;\">Nos encargamos de todo el desarrollo de los proyectos, desde la compra del terreno, aprobaci\u00f3n de planos y permisos, dise\u00f1o del proyecto y llevar a cabo la construcci\u00f3n del mismo.<\/p>\n<p>\t\t\t<a href=\"#\" role=\"button\"><br \/>\n\t\t\t\t\t\tSaber M\u00e1s<br \/>\n\t\t\t\t\t<\/a><\/p>\n<style>\/*! elementor - v3.9.2 - 21-12-2022 *\/\n.elementor-column .elementor-spacer-inner{height:var(--spacer-size)}.e-con{--container-widget-width:100%}.e-con-inner>.elementor-widget-spacer,.e-con>.elementor-widget-spacer{width:var(--container-widget-width,var(--spacer-size));--align-self:var(--container-widget-align-self,initial);--flex-shrink:0}.e-con-inner>.elementor-widget-spacer>.elementor-widget-container,.e-con-inner>.elementor-widget-spacer>.elementor-widget-container>.elementor-spacer,.e-con>.elementor-widget-spacer>.elementor-widget-container,.e-con>.elementor-widget-spacer>.elementor-widget-container>.elementor-spacer{height:100%}.e-con-inner>.elementor-widget-spacer>.elementor-widget-container>.elementor-spacer>.elementor-spacer-inner,.e-con>.elementor-widget-spacer>.elementor-widget-container>.elementor-spacer>.elementor-spacer-inner{height:var(--container-widget-height,var(--spacer-size))}<\/style>\n<h4>02.<\/h4>\n<h3>construcci\u00f3n <\/h3>\n<p style=\"text-align: left;\">Estructuras de <strong>hormig\u00f3n<\/strong>\u00a0armado o\u00a0<strong>ladrillo<\/strong> portante. Este sistema cuenta con la mayor oferta de mano de obra, materiales, proveedores y tecnolog\u00eda de construcci\u00f3n.<\/p>\n<p>\t\t\t<a href=\"#\" role=\"button\"><br \/>\n\t\t\t\t\t\tSaber M\u00e1s<br \/>\n\t\t\t\t\t<\/a><\/p>\n<h4>03.<\/h4>\n<h3>refacciones <\/h3>\n<p style=\"text-align: left;\">Tenemos un equipo especializado que puede ir a revisar su propiedad y cotizarle las refacciones que le sean necesarias para modernizar su inmueble.<\/p>\n<p>\t\t\t<a href=\"#\" role=\"button\"><br \/>\n\t\t\t\t\t\tSaber M\u00e1s<br \/>\n\t\t\t\t\t<\/a><\/p>\n<h4>04.<\/h4>\n<h3>Asesor\u00eda Legal<\/h3>\n<p style=\"text-align: left;\">Ofrecemos el servicio de asesor\u00eda legal-notarial para la compra\/venta de su vivienda, tomando en consideraci\u00f3n aspectos fundamentales como las obligaciones impositivas y realizando una debida diligencia.<\/p>\n<p>\t\t\t<a href=\"#\" role=\"button\"><br \/>\n\t\t\t\t\t\tSaber M\u00e1s<br \/>\n\t\t\t\t\t<\/a><\/p>\n<h2>Contamos con un gran equipo profesional para la mejor estrategia<br \/>\n<\/h2>\n<p style=\"text-align: left;\">Creamos ideas y nuevos proyectos respaldados por nuestro equipo humano, altamente capacitado y motivado, integrado por Arquitectos, Urbanistas, Ingenieros, Economistas, Contadores, Escribanos, Abogados y expertos en comunicaci\u00f3n y marketing, quienes trabajan con pasi\u00f3n y profesionalismo para crear los mas singulares y exitosos proyectos del mercado. Desarrollamos nuestro accionar guiados por los valores fundamentales de nuestra empresa: Humildad en las relaciones humanas, credibilidad y liderazgo, profesionalismo y compromiso con clientes e inversores.<\/p>\n<p>https:\/\/youtu.be\/EgCOIUv5q5ghttps:\/\/youtu.be\/NtYwZYFvB_Uhttps:\/\/youtu.be\/Gam16BYGqKo<br \/>\n\t\t\t<a href=\"#cont\u00e1ctanos\" role=\"button\"><br \/>\n\t\t\t\t\t\tContactar a DPC Developers<br \/>\n\t\t\t\t\t<\/a><\/p>\n<div class=\"ast-oembed-container\" style=\"height: 100%;\"><iframe loading=\"lazy\" title=\"Pringles\" width=\"500\" height=\"281\" src=\"https:\/\/www.youtube.com\/embed\/GqyGNLujnWA?feature=oembed\" frameborder=\"0\" allow=\"accelerometer; autoplay; clipboard-write; encrypted-media; gyroscope; picture-in-picture; web-share\" referrerpolicy=\"strict-origin-when-cross-origin\" allowfullscreen><\/iframe><\/div>\n<h2>Obras en ejecuci\u00f3n<\/h2>\n<h2>Pringles 281<\/h2>\n<p style=\"text-align: center;\">Etapas<\/p>\n<link rel=\"stylesheet\" href=\"https:\/\/dpcdevelopers.com\/wp-content\/plugins\/elementor\/assets\/css\/widget-icon-list.min.css\">\n<ul>\n<li>\n\t\t\t\t\t\t\t\t\t\tHormigon armado\n\t\t\t\t\t\t\t\t\t<\/li>\n<li>\n\t\t\t\t\t\t\t\t\t\tArrancando Alba\u00f1iler\u00eda\n\t\t\t\t\t\t\t\t\t<\/li>\n<\/ul>\n<ul>\n<li>\n\t\t\t\t\t\t\t\t\t\tPlomer\u00eda\n\t\t\t\t\t\t\t\t\t<\/li>\n<li>\n\t\t\t\t\t\t\t\t\t\tElectricidad\n\t\t\t\t\t\t\t\t\t<\/li>\n<\/ul>\n<link rel=\"stylesheet\" href=\"https:\/\/dpcdevelopers.com\/wp-content\/plugins\/pro-elements\/assets\/css\/widget-carousel.min.css\">\n<h2>santa maria oro 2476<\/h2>\n<p style=\"text-align: center;\">Etapas subsuelo<\/p>\n<ul>\n<li>\n\t\t\t\t\t\t\t\t\t\tLenado de Tabiques\n\t\t\t\t\t\t\t\t\t<\/li>\n<li>\n\t\t\t\t\t\t\t\t\t\tSub-murales\n\t\t\t\t\t\t\t\t\t<\/li>\n<\/ul>\n<ul>\n<li>\n\t\t\t\t\t\t\t\t\t\tBases Centricas\n\t\t\t\t\t\t\t\t\t<\/li>\n<\/ul>\n<p>\t\t\t<a href=\"https:\/\/dpcdevelopers.com\/index.php\/projects\/\" role=\"button\"><br \/>\n\t\t\t\t\t\tVer todas nuestras obras<br \/>\n\t\t\t\t\t<\/a><\/p>\n<h3>\u00bb Gracias a nuestro valores, hemos conseguido mantenernos en el mercado como una empresa constructora seria y referente en nuestro pa\u00eds. \u00ab<\/h3>\n<h2>Why Choose Us<\/h2>\n<p>\t\tIpsum ornare eu nibh sagittis nunc quisque viverra fringilla egestas dictumst nisl, vestibulum diam nisi suscipit eros, consectetur sapien nullam mi facilisis magna sem\n\t\t\t<link rel=\"stylesheet\" href=\"https:\/\/dpcdevelopers.com\/wp-content\/plugins\/elementor\/assets\/css\/widget-icon-box.min.css\">\n<h4>\n\t\t\t\t\t\tQualified Expert<br \/>\n\t\t\t\t<\/h4>\n<p>\n\t\t\t\t\t\tUt amet, risus aliquam sapien amet porta magna quam dictum arcu magna et dolor diam ultricies.\t\t\t\t\t<\/p>\n<h4>\n\t\t\t\t\t\tFlexible Schedule<br \/>\n\t\t\t\t<\/h4>\n<p>\n\t\t\t\t\t\tSem in eget faucibus massa arcu et elementum sed massa nulla dolor felis dictumst malesuada non.\t\t\t\t\t<\/p>\n<h4>\n\t\t\t\t\t\tWorkmanship Quality<br \/>\n\t\t\t\t<\/h4>\n<p>\n\t\t\t\t\t\tUt amet, risus aliquam sapien amet porta magna quam dictum arcu magna et dolor diam ultricies.\t\t\t\t\t<\/p>\n<h4>\n\t\t\t\t\t\tAffordable Package<br \/>\n\t\t\t\t<\/h4>\n<p>\n\t\t\t\t\t\tSem in eget faucibus massa arcu et elementum sed massa nulla dolor felis dictumst malesuada non.\t\t\t\t\t<\/p>\n<h4>\n\t\t\t\t\t\tQuality Professionals<br \/>\n\t\t\t\t<\/h4>\n<p>\n\t\t\t\t\t\tUt amet, risus aliquam sapien amet porta magna quam dictum arcu magna et dolor diam ultricies.\t\t\t\t\t<\/p>\n<h4>\n\t\t\t\t\t\tSpecial Offer<br \/>\n\t\t\t\t<\/h4>\n<p>\n\t\t\t\t\t\tSem in eget faucibus massa arcu et elementum sed massa nulla dolor felis dictumst malesuada non.\t\t\t\t\t<\/p>\n<p>\t\t\t<a href=\"#cont\u00e1ctanos\" role=\"button\"><br \/>\n\t\t\t\t\t\tContactar a DPC Developers<br \/>\n\t\t\t\t\t<\/a><\/p>\n<h2>Refacciones <\/h2>\n<h3>Local Wilson tobal<\/h3>\n<p>            <img decoding=\"async\" src=\"https:\/\/dpcdevelopers.com\/wp-content\/uploads\/2023\/06\/PHOTO-2023-03-30-21-27-17-4.jpg\" title=\"PHOTO-2023-03-30-21-27-17 (4)\" alt=\"PHOTO-2023-03-30-21-27-17 (4)\" \/><img decoding=\"async\" src=\"https:\/\/dpcdevelopers.com\/wp-content\/uploads\/2023\/06\/img-2176.jpg\" title=\"img-2176\" alt=\"img-2176\" \/>        <\/p>\n<h3>Migueletes<\/h3>\n<p>            <img decoding=\"async\" src=\"https:\/\/dpcdevelopers.com\/wp-content\/uploads\/2023\/06\/PHOTO-2023-03-30-20-40-02-e1687798449272.jpg\" title=\"PHOTO-2023-03-30-20-40-02\" alt=\"PHOTO-2023-03-30-20-40-02\" \/><img decoding=\"async\" src=\"https:\/\/dpcdevelopers.com\/wp-content\/uploads\/2023\/06\/PHOTO-2023-03-30-20-41-33-scaled.jpg\" title=\"PHOTO-2023-03-30-20-41-33\" alt=\"PHOTO-2023-03-30-20-41-33\" \/>        <\/p>\n<style>\/*! elementor - v3.9.2 - 21-12-2022 *\/\n.elementor-testimonial-wrapper{overflow:hidden;text-align:center}.elementor-testimonial-wrapper .elementor-testimonial-content{font-size:1.3em;margin-bottom:20px}.elementor-testimonial-wrapper .elementor-testimonial-name{line-height:1.5;display:block}.elementor-testimonial-wrapper .elementor-testimonial-job{font-size:.85em;display:block}.elementor-testimonial-wrapper .elementor-testimonial-meta{width:100%;line-height:1}.elementor-testimonial-wrapper .elementor-testimonial-meta-inner{display:inline-block}.elementor-testimonial-wrapper .elementor-testimonial-meta .elementor-testimonial-details,.elementor-testimonial-wrapper .elementor-testimonial-meta .elementor-testimonial-image{display:table-cell;vertical-align:middle}.elementor-testimonial-wrapper .elementor-testimonial-meta .elementor-testimonial-image img{width:60px;height:60px;border-radius:50%;-o-object-fit:cover;object-fit:cover;max-width:none}.elementor-testimonial-wrapper .elementor-testimonial-meta.elementor-testimonial-image-position-aside .elementor-testimonial-image{padding-right:15px}.elementor-testimonial-wrapper .elementor-testimonial-meta.elementor-testimonial-image-position-aside .elementor-testimonial-details{text-align:left}.elementor-testimonial-wrapper .elementor-testimonial-meta.elementor-testimonial-image-position-top .elementor-testimonial-details,.elementor-testimonial-wrapper .elementor-testimonial-meta.elementor-testimonial-image-position-top .elementor-testimonial-image{display:block}.elementor-testimonial-wrapper .elementor-testimonial-meta.elementor-testimonial-image-position-top .elementor-testimonial-image{margin-bottom:20px}<\/style>\n<p>\t\t\t\t\t\t\tPenatibus eros congue aliquet lectus in imperdiet vel mattis sed enim enim pulvinar posuere augue duis lorem lectus at facilisi in nibh at quam in justo, sit auctor morbi eget aliquam lorem gravida fringilla pretium vestibulum mauris.<br \/>\n\t\t\t\t\t\t\t<img decoding=\"async\" src=\"https:\/\/dpcdevelopers.com\/wp-content\/uploads\/2020\/08\/roofing-client-1.jpg\" title=\"\" alt=\"\" \/><br \/>\n\t\t\t\t\t\t\t\t\t\t\t\t\t\tJohn Allison<br \/>\n\t\t\t\t\t\t\t\t\t\t\t\t\t\t\t\t\t\t\t\t\t\tCEO of Manufacture Company<br \/>\n\t\t\t\t\t\t\tErat elit et, amet eget morbi enim, potenti urna, blandit tincidunt faucibus eu diam tincidunt interdum pharetra et diam viverra lacinia integer quam iaculis facilisis viverra quam leo proin semper aenean morbi fames integer vitae ipsum.<br \/>\n\t\t\t\t\t\t\t<img decoding=\"async\" src=\"https:\/\/dpcdevelopers.com\/wp-content\/uploads\/2020\/08\/roofing-client-2.jpg\" title=\"\" alt=\"\" \/><br \/>\n\t\t\t\t\t\t\t\t\t\t\t\t\t\tAlicia Potter<br \/>\n\t\t\t\t\t\t\t\t\t\t\t\t\t\t\t\t\t\t\t\t\t\tGraphic Designer<br \/>\n\t\t\t\t\t\t\tNeque amet at sit elementum et proin lacus vestibulum amet bibendum purus dolor turpis platea sodales senectus purus donec elit molestie scelerisque amet nullam tincidunt arcu odio enim ut nunc vel, tristique dictumst adipiscing elit ultrices.<br \/>\n\t\t\t\t\t\t\t<img decoding=\"async\" src=\"https:\/\/dpcdevelopers.com\/wp-content\/uploads\/2020\/08\/roofing-client-3.jpg\" title=\"\" alt=\"\" \/><br \/>\n\t\t\t\t\t\t\t\t\t\t\t\t\t\tEdward B. Suarez<br \/>\n\t\t\t\t\t\t\t\t\t\t\t\t\t\t\t\t\t\t\t\t\t\tSong Writer<\/p>\n<style>\/*! elementor - v3.9.2 - 21-12-2022 *\/\n.elementor-widget-image{text-align:center}.elementor-widget-image a{display:inline-block}.elementor-widget-image a img[src$=\".svg\"]{width:48px}.elementor-widget-image img{vertical-align:middle;display:inline-block}<\/style>\n<p>\t\t\t\t\t\t\t\t\t\t\t\t<img decoding=\"async\" src=\"https:\/\/dpcdevelopers.com\/wp-content\/uploads\/2020\/08\/client-logo-4.png\" title=\"\" alt=\"\" \/><br \/>\n\t\t\t\t\t\t\t\t\t\t\t\t\t\t\t<img decoding=\"async\" src=\"https:\/\/dpcdevelopers.com\/wp-content\/uploads\/2020\/08\/client-logo-3.png\" title=\"\" alt=\"\" \/><br \/>\n\t\t\t\t\t\t\t\t\t\t\t\t\t\t\t<img decoding=\"async\" src=\"https:\/\/dpcdevelopers.com\/wp-content\/uploads\/2020\/08\/client-logo-1.png\" title=\"\" alt=\"\" \/><br \/>\n\t\t\t\t\t\t\t\t\t\t\t\t\t\t\t<img decoding=\"async\" src=\"https:\/\/dpcdevelopers.com\/wp-content\/uploads\/2020\/08\/client-logo-2.png\" title=\"\" alt=\"\" \/><br \/>\n\t\t\t\t\t\t\t\t\t\t\t\t\t\t\t<img decoding=\"async\" src=\"https:\/\/dpcdevelopers.com\/wp-content\/uploads\/2020\/08\/client-logo-2.png\" title=\"\" alt=\"\" \/><br \/>\n\t\t\t\t\t\t\t\t\t\t\t\t\t\t\t<img decoding=\"async\" src=\"https:\/\/dpcdevelopers.com\/wp-content\/uploads\/2020\/08\/client-logo-4.png\" title=\"\" alt=\"\" \/><br \/>\n\t\t\t\t\t\t\t\t\t\t\t\t\t\t\t<img decoding=\"async\" src=\"https:\/\/dpcdevelopers.com\/wp-content\/uploads\/2020\/08\/client-logo-3.png\" title=\"\" alt=\"\" \/><br \/>\n\t\t\t\t\t\t\t\t\t\t\t\t\t\t\t<img decoding=\"async\" src=\"https:\/\/dpcdevelopers.com\/wp-content\/uploads\/2020\/08\/client-logo-1.png\" title=\"\" alt=\"\" \/><br \/>\n\t\t\t\t\t\t\t\t\t\t\t\t\t\t\t<img decoding=\"async\" src=\"https:\/\/dpcdevelopers.com\/wp-content\/uploads\/2020\/08\/client-logo-2.png\" title=\"\" alt=\"\" \/>\t\t\t\t\t\t\t\t\t\t\t\t\t\t\t<\/p>\n<h2>Awards &#038; Achievements<\/h2>\n<p>\t\tOdio eget facilisis elit malesuada tellus in aliquam mi et orci, feugiat non bibendum posuere consectetur venenatis nisi nulla eget integer sit odio nibh amet, urna, ornare dignissim dolor a varius consectetur tristique nunc, enim, sagittis<br \/>\n\t\t\t\t0<br \/>\n\t\t\t\t\t\t\tProyectos Comerciales<br \/>\n\t\t\t\t0<br \/>\n\t\t\t\t\t\t\tProyectos Residenciales<br \/>\n\t\t\t\t0<br \/>\n\t\t\t\t+<br \/>\n\t\t\t\t\t\t\tEmpleados<br \/>\n\t\t\t\t0<br \/>\n\t\t\t\t+<br \/>\n\t\t\t\t\t\t\tPropiedades Refaccionadas<\/p>\n<h2>Cont\u00e1ctanos<\/h2>\n<p>\u00bfTienes alguna duda o quieres hacer una consulta?<\/p>\n<p style=\"text-align: left;\">La estabilidad y solidez de DPC Developers est\u00e1 respaldada no s\u00f3lo en los miles de metros cuadrados construidos y en los varios modelos de inversi\u00f3n, sino tambi\u00e9n en los clientes que desde distintas latitudes depositan sus anhelos y deseos confiando en nuestros valores, siendo incluso ellos mismos embajadores de la marca.<\/p>\n<h5>\n\t\t\t\t\t\tTelefono de contacto<br \/>\n\t\t\t\t<\/h5>\n<p>\n\t\t\t\t\t\tEsperando\t\t\t\t\t<\/p>\n<h5>\n\t\t\t\t\t\tDirecci\u00f3n<br \/>\n\t\t\t\t<\/h5>\n<p>\n\t\t\t\t\t\tRavignani 1350 8c\t\t\t\t\t<\/p>\n<h5>\n\t\t\t\t\t\tCorreo de Contato<br \/>\n\t\t\t\t<\/h5>\n<p>\n\t\t\t\t\t\tAdministracion@dpcdevelopers.com\t\t\t\t\t<\/p>\n<h4>Solicita una Cotizaci\u00f3n <\/h4>\n<div class=\"wpforms-container \" id=\"wpforms-6\"><form id=\"wpforms-form-6\" class=\"wpforms-validate wpforms-form\" data-formid=\"6\" method=\"post\" enctype=\"multipart\/form-data\" action=\"\/index.php\/wp-json\/wp\/v2\/pages\/390\" data-token=\"66fa6ca8b3cb0ecea596a6409e822c91\"><noscript class=\"wpforms-error-noscript\">Por favor, activa JavaScript en tu navegador para completar este formulario.<\/noscript><div class=\"wpforms-field-container\"><div id=\"wpforms-6-field_0-container\" class=\"wpforms-field wpforms-field-name\" data-field-id=\"0\"><label class=\"wpforms-field-label wpforms-label-hide\" for=\"wpforms-6-field_0\">Nombre <span class=\"wpforms-required-label\">*<\/span><\/label><input type=\"text\" id=\"wpforms-6-field_0\" class=\"wpforms-field-large wpforms-field-required\" name=\"wpforms[fields][0]\" placeholder=\"Nombre Completo\" required><\/div><div id=\"wpforms-6-field_1-container\" class=\"wpforms-field wpforms-field-email\" data-field-id=\"1\"><label class=\"wpforms-field-label wpforms-label-hide\" for=\"wpforms-6-field_1\">Correo Electr\u00f3nico  <span class=\"wpforms-required-label\">*<\/span><\/label><input type=\"email\" id=\"wpforms-6-field_1\" class=\"wpforms-field-large wpforms-field-required\" name=\"wpforms[fields][1]\" placeholder=\"Correo Electronico\" required><\/div><div id=\"wpforms-6-field_3-container\" class=\"wpforms-field wpforms-field-text\" data-field-id=\"3\"><label class=\"wpforms-field-label wpforms-label-hide\" for=\"wpforms-6-field_3\">N\u00famero de Tel\u00e9fono  <span class=\"wpforms-required-label\">*<\/span><\/label><input type=\"text\" id=\"wpforms-6-field_3\" class=\"wpforms-field-large wpforms-field-required\" name=\"wpforms[fields][3]\" placeholder=\"N\u00famero de Tel\u00e9fono\" required><\/div><div id=\"wpforms-6-field_2-container\" class=\"wpforms-field wpforms-field-textarea\" data-field-id=\"2\"><label class=\"wpforms-field-label wpforms-label-hide\" for=\"wpforms-6-field_2\">Mensaje <span class=\"wpforms-required-label\">*<\/span><\/label><textarea id=\"wpforms-6-field_2\" class=\"wpforms-field-large wpforms-field-required\" name=\"wpforms[fields][2]\" placeholder=\"D\u00e9janos tu mensaje\" required><\/textarea><\/div><\/div><div class=\"wpforms-submit-container\"><input type=\"hidden\" name=\"wpforms[id]\" value=\"6\"><input type=\"hidden\" name=\"wpforms[author]\" value=\"1\"><button type=\"submit\" name=\"wpforms[submit]\" id=\"wpforms-submit-6\" class=\"wpforms-submit\" data-alt-text=\"Sending...\" data-submit-text=\"Enviar\" aria-live=\"assertive\" value=\"wpforms-submit\">Enviar<\/button><\/div><\/form><\/div>  <!-- .wpforms-container -->\n<h2>Cont\u00e1ctanos<\/h2>\n<p>\u00bfTienes alguna duda o quieres hacer una consulta?<\/p>\n<p>La estabilidad y solidez de DPC Developers est\u00e1 respaldada no s\u00f3lo en los miles de metros cuadrados construidos y en los varios modelos de inversi\u00f3n, sino tambi\u00e9n en los clientes que desde distintas latitudes depositan sus anhelos y deseos confiando en nuestros valores, siendo incluso ellos mismos embajadores de la marca.<\/p>\n<h6>\n\t\t\t\t\t\t24\/7 Emergency Roofing Service.<br \/>\n\t\t\t\t<\/h6>\n<p>\n\t\t\t\t\t\t+1 123 111 2345\t\t\t\t\t<\/p>\n<h4>Solicita una Cotizaci\u00f3n <\/h4>\n<ul>\n<li>\n\t\t\t\t\t\t\t\t\t\tRequired Fields\n\t\t\t\t\t\t\t\t\t<\/li>\n<\/ul>\n","protected":false},"excerpt":{"rendered":"<p>Construyendo el futuro juntos Con DPC Developers, encuentra tu hogar perfecto e invierte con confianza. Conocer m\u00e1s 0 + Edificios 0 .000 Metros Cuadrados Construidos 0 + Departamentos 100 + Inversores conf\u00edan en Nosotros Qui\u00e9nes somos Con\u00f3cenos m\u00e1s y descubre por qu\u00e9 elegirnos para construir tu futuro. La estabilidad y solidez de DPC Developers est\u00e1 &hellip;<\/p>\n<p class=\"read-more\"> <a class=\"\" href=\"https:\/\/dpcdevelopers.com\/\"> <span class=\"screen-reader-text\">Home<\/span> Leer m\u00e1s &raquo;<\/a><\/p>\n","protected":false},"author":1,"featured_media":0,"parent":0,"menu_order":0,"comment_status":"closed","ping_status":"closed","template":"elementor_header_footer","meta":{"site-sidebar-layout":"no-sidebar","site-content-layout":"page-builder","ast-global-header-display":"","ast-main-header-display":"","ast-hfb-above-header-display":"","ast-hfb-below-header-display":"","ast-hfb-mobile-header-display":"","site-post-title":"disabled","ast-breadcrumbs-content":"","ast-featured-img":"disabled","footer-sml-layout":"","theme-transparent-header-meta":"enabled","adv-header-id-meta":"","stick-header-meta":"","header-above-stick-meta":"","header-main-stick-meta":"","header-below-stick-meta":"","footnotes":""},"class_list":["post-390","page","type-page","status-publish","hentry"],"_links":{"self":[{"href":"https:\/\/dpcdevelopers.com\/index.php\/wp-json\/wp\/v2\/pages\/390","targetHints":{"allow":["GET"]}}],"collection":[{"href":"https:\/\/dpcdevelopers.com\/index.php\/wp-json\/wp\/v2\/pages"}],"about":[{"href":"https:\/\/dpcdevelopers.com\/index.php\/wp-json\/wp\/v2\/types\/page"}],"author":[{"embeddable":true,"href":"https:\/\/dpcdevelopers.com\/index.php\/wp-json\/wp\/v2\/users\/1"}],"replies":[{"embeddable":true,"href":"https:\/\/dpcdevelopers.com\/index.php\/wp-json\/wp\/v2\/comments?post=390"}],"version-history":[{"count":79,"href":"https:\/\/dpcdevelopers.com\/index.php\/wp-json\/wp\/v2\/pages\/390\/revisions"}],"predecessor-version":[{"id":1613,"href":"https:\/\/dpcdevelopers.com\/index.php\/wp-json\/wp\/v2\/pages\/390\/revisions\/1613"}],"wp:attachment":[{"href":"https:\/\/dpcdevelopers.com\/index.php\/wp-json\/wp\/v2\/media?parent=390"}],"curies":[{"name":"wp","href":"https:\/\/api.w.org\/{rel}","templated":true}]}}